{"id":1079,"date":"2024-10-08T05:21:52","date_gmt":"2024-10-08T05:21:52","guid":{"rendered":"https:\/\/rchetype-rimaortofrutta.rrulb.com\/kontakte\/"},"modified":"2024-10-25T14:11:40","modified_gmt":"2024-10-25T14:11:40","slug":"kontakte","status":"publish","type":"page","link":"https:\/\/rimaortofrutta.it\/de\/kontakte\/","title":{"rendered":"Kontakte"},"content":{"rendered":"","protected":false},"excerpt":{"rendered":"","protected":false},"author":2,"featured_media":0,"parent":0,"menu_order":0,"comment_status":"closed","ping_status":"closed","template":"","meta":{"_acf_changed":false,"slim_seo":{"title":"Kontakte - Rima Ortofrutta","description":"Kontaktieren Sie uns Kontaktieren Sie uns, wenn Sie weitere Informationen \u00fcber unsere Produkte oder \u00fcber uns erhalten m\u00f6chten oder ein Angebot anfordern m\u00f6chten"},"footnotes":""},"class_list":["post-1079","page","type-page","status-publish","hentry"],"acf":[],"_links":{"self":[{"href":"https:\/\/rimaortofrutta.it\/de\/wp-json\/wp\/v2\/pages\/1079","targetHints":{"allow":["GET"]}}],"collection":[{"href":"https:\/\/rimaortofrutta.it\/de\/wp-json\/wp\/v2\/pages"}],"about":[{"href":"https:\/\/rimaortofrutta.it\/de\/wp-json\/wp\/v2\/types\/page"}],"author":[{"embeddable":true,"href":"https:\/\/rimaortofrutta.it\/de\/wp-json\/wp\/v2\/users\/2"}],"replies":[{"embeddable":true,"href":"https:\/\/rimaortofrutta.it\/de\/wp-json\/wp\/v2\/comments?post=1079"}],"version-history":[{"count":0,"href":"https:\/\/rimaortofrutta.it\/de\/wp-json\/wp\/v2\/pages\/1079\/revisions"}],"wp:attachment":[{"href":"https:\/\/rimaortofrutta.it\/de\/wp-json\/wp\/v2\/media?parent=1079"}],"curies":[{"name":"wp","href":"https:\/\/api.w.org\/{rel}","templated":true}]}}